{"id":2215,"date":"2024-11-28T14:41:34","date_gmt":"2024-11-28T13:41:34","guid":{"rendered":"https:\/\/www.nirris.cz\/seznam-konkursu-a-oddluzeni\/"},"modified":"2026-03-05T10:31:55","modified_gmt":"2026-03-05T09:31:55","slug":"list-of-bankruptcy-and-debt-relief","status":"publish","type":"page","link":"https:\/\/www.nirris.cz\/en\/list-of-bankruptcy-and-debt-relief\/","title":{"rendered":"List of bankruptcy and debt relief"},"content":{"rendered":"<p>NIRRIS has been appointed by the Insolvency Administrator in bankruptcies and debts of the following legal and natural persons:<\/p>\n<h2>Bankruptcy of individuals<\/h2>\n<ul>\n<li>Avori s.r.o.<\/li>\n<li>Barto\u0148ov\u00e1 Ivana<\/li>\n<li>bikero.cz s.r.o.<\/li>\n<li>\u010cern\u00e1 Josefa<\/li>\n<li>Halouzka Tom\u00e1\u0161, Halouzkov\u00e1 Mark\u00e9ta<\/li>\n<li>Pol\u00e1k Adolf<\/li>\n<li>Seni\u0107ov\u00e1 Mirjana<\/li>\n<li>Shape Trans s.r.o.<\/li>\n<\/ul>\n<h2>Debts<\/h2>\n<div class=\"gdc_row\">\n<div class=\"gdc_column gdc_cthird\">\n<div class=\"gdc_inner\">\n<h3>A &#8211;\u00a0J<\/h3>\n<ul>\n<li>Adamec\u00a0Vlastimil<\/li>\n<li>Anton\u00edn Patrik<\/li>\n<li>Anto\u0161 David<\/li>\n<li>Ba\u010dov\u00e1 Hana<\/li>\n<li>Bala\u017eovi\u010d Tom\u00e1\u0161<\/li>\n<li>Bal\u00e1\u017eov\u00e1 Renata<\/li>\n<li>Bartizalov\u00e1 Tereza<\/li>\n<li>Barto\u0161 Pavel<\/li>\n<li>Barto\u0161ov\u00e1 Ji\u0159ina<\/li>\n<li>Barto\u0161ov\u00e1 Mark\u00e9ta<\/li>\n<li>Batbayar Ariunjargal<\/li>\n<li>Bartosz Ren\u00e9<\/li>\n<li>Berky\u00a0V\u00edt\u011bzslav<\/li>\n<li>Berkyov\u00e1\u00a0V\u011bra<\/li>\n<li>B\u011bhal Pavel<\/li>\n<li>Bo\u010dej Milan<\/li>\n<li>Bolek Daniel<\/li>\n<li>Borsk\u00e1 Nat\u00e1lie<\/li>\n<li>B\u00f6hm\u00a0Anton\u00edn<\/li>\n<li>B\u00f6hmov\u00e1\u00a0Marie<\/li>\n<li>Brou\u0161ka Tom\u00e1\u0161<\/li>\n<li>Bro\u017ekov\u00e1 Lucie<\/li>\n<li>B\u0159ou\u0161kov\u00e1 Andrea<\/li>\n<li>Buben\u00ed\u010dkov\u00e1 Iva<\/li>\n<li>Coubal Tom\u00e1\u0161<\/li>\n<li>\u010cadkov\u00e1 Denisa<\/li>\n<li>\u010cerm\u00e1k Petr<\/li>\n<li>\u010cerve\u0148\u00e1k\u00a0Alexandr<\/li>\n<li>\u010cerve\u0148\u00e1k Martin<\/li>\n<li>\u010cerve\u0148\u00e1kov\u00e1\u00a0Kate\u0159ina<\/li>\n<li>\u010ci\u017en\u00e1r Alexander<\/li>\n<li>Denemark\u00a0Karel<\/li>\n<li>Divil Pavel<\/li>\n<li>Dunaj\u010d\u00edk Miroslav<\/li>\n<li>Dvo\u0159\u00e1k Ale\u0161<\/li>\n<li>Dvo\u0159\u00e1k Jan<\/li>\n<li>Dvo\u0159\u00e1kov\u00e1 Krist\u00fdna<\/li>\n<li>Eisenhammerov\u00e1 \u0160\u00e1rka<\/li>\n<li>Erdenebat Munkhbat<\/li>\n<li>Erlebachov\u00e1\u00a0Kate\u0159ina<\/li>\n<li>Forejtov\u00e1 Kate\u0159ina<\/li>\n<li>Fo\u0159t\u00a0Zden\u011bk<\/li>\n<li>Gavrun\u00a0Pavel<\/li>\n<li>Gavrunov\u00e1\u00a0Irena<\/li>\n<li>Hagarov\u00e1 Darina<\/li>\n<li>H\u00e1jek Dominik<\/li>\n<li>H\u00e1jkov\u00e1 Jaroslava<\/li>\n<li>Hampl Hynek<\/li>\n<li>Hapkov\u00e1 Pavla<\/li>\n<li>Harok\u00a0Marek<\/li>\n<li>Havl\u00edk Miroslav<\/li>\n<li>Hej\u010d\u00a0Martin<\/li>\n<li>Helebrandov\u00e1 Anna<\/li>\n<li>Hene\u0161ov\u00e1 Alexandra<\/li>\n<li>Herbov\u00e1 Renata<\/li>\n<li>H\u00e9gr Kamil<\/li>\n<li>Hladk\u00fd Jan<\/li>\n<li>Hlubock\u00fd Jan<\/li>\n<li>Hor\u00e1kov\u00e1 Kl\u00e1ra<\/li>\n<li>Hos Milan<\/li>\n<li>Hri\u0148\u00e1k\u00a0Pavel<\/li>\n<li>Hrub\u00e1 Andrea Petra<\/li>\n<li>Hrube\u0161 Ji\u0159\u00ed<\/li>\n<li>Hu\u0148\u00e1\u010dkov\u00e1 Anna<\/li>\n<li>Hybnerov\u00e1 Yana<\/li>\n<li>Chaura Vojt\u011bch<\/li>\n<li>Jani\u010dov\u00e1\u00a0Lenka<\/li>\n<li>Jannov\u00e1 Lucie<\/li>\n<li>Jarmarov\u00e1 Kate\u0159ina<\/li>\n<li>Jel\u00ednkov\u00e1\u00a0Daniela<\/li>\n<li>Jel\u00ednkov\u00e1 Simona<\/li>\n<li>Janindov\u00e1 Monika<\/li>\n<li>Ji\u0159\u00ed\u00a0Rudolf<\/li>\n<li>J\u00ed\u0161a Robert<\/li>\n<\/ul>\n<\/div>\n<\/div>\n<div class=\"gdc_column gdc_cthird\">\n<div class=\"gdc_inner\">\n<h3>K &#8211;\u00a0P<\/h3>\n<ul>\n<li>Kadlec Michal<\/li>\n<li>Kajsov\u00e1 Michaela<\/li>\n<li>Kanalo\u0161 Jan<\/li>\n<li>Kapu\u0161 Jan<\/li>\n<li>Kiss\u00a0Ji\u0159\u00ed<\/li>\n<li>Klikar Roman<\/li>\n<li>Knobloch Karel<\/li>\n<li>Kojmov\u00e1 Jarmila<\/li>\n<li>Kolbek Milan<\/li>\n<li>Kopunec Bronislav<\/li>\n<li>Kotr\u010dov\u00e1 Karolina<\/li>\n<li>Kotulek Jan<\/li>\n<li>Kord\u00edk Milan<\/li>\n<li>Ko\u0159\u00ednek Pavel<\/li>\n<li>Kot\u00edk Ji\u0159\u00ed<\/li>\n<li>Kratochv\u00edl Ji\u0159\u00ed<\/li>\n<li>Krej\u010dov\u00e1 Tereza<\/li>\n<li>Krok Josef<\/li>\n<li>Krokov\u00e1 Bo\u017eena<\/li>\n<li>Kub\u00ednov\u00e1\u00a0Lenka<\/li>\n<li>Kuli\u0161kov\u00e1 Erika<\/li>\n<li>Lacza Daniel<\/li>\n<li>Ladi\u010dov\u00e1 Tamara<\/li>\n<li>Lerch\u00a0Ji\u0159\u00ed<\/li>\n<li>L\u00e9bl Tom\u00e1\u0161<\/li>\n<li>Libichov\u00e1 Leona<\/li>\n<li>Lichtenbergov\u00e1\u00a0Monika<\/li>\n<li>Lipert Tom\u00e1\u0161<\/li>\n<li>Mach\u00e1lek\u00a0Jan<\/li>\n<li>Mach\u00e1lkov\u00e1\u00a0Romana<\/li>\n<li>Malina\u00a0Kamil<\/li>\n<li>Malinov\u00e1\u00a0Ivana<\/li>\n<li>Mal\u00fd\u00a0Michael<\/li>\n<li>Martin\u00e1k Petr<\/li>\n<li>Ma\u0161ek Petr<\/li>\n<li>Mat\u011bj\u00a0Zden\u011bk<\/li>\n<li>Matou\u0161 Michal<\/li>\n<li>Matu\u0161kov\u00e1\u00a0Hana<\/li>\n<li>Matysov\u00e1 Lucie<\/li>\n<li>Molinov\u00e1\u00a0Martina<\/li>\n<li>Moravec\u00a0Franti\u0161ek<\/li>\n<li>Mr\u00e1zek Marek<\/li>\n<li>Mraz\u00edk Miroslav<\/li>\n<li>M\u00fcller Jan<\/li>\n<li>Neudekov\u00e1 V\u011bra<\/li>\n<li>Neumannov\u00e1 Pavla<\/li>\n<li>Neuvirt\u00a0Ji\u0159\u00ed<\/li>\n<li>N\u011bme\u010dek\u00a0Radom\u00edr<\/li>\n<li>Nguen Huu Phuong<\/li>\n<li>Nogol Martin<\/li>\n<li>Nogolov\u00e1 Iva<\/li>\n<li>Nov\u00e1kov\u00e1 Denisa<\/li>\n<li>Novotn\u00e1 Irena<\/li>\n<li>Opl\u00a0Pavel<\/li>\n<li>Oplov\u00e1\u00a0Martina<\/li>\n<li>Pabiszov\u00e1 Iveta<\/li>\n<li>Peter\u00a0Martin<\/li>\n<li>Petr\u00e1\u010dek Libor<\/li>\n<li>Petrikov\u00e1 Michaela<\/li>\n<li>Petrl\u00edkov\u00e1 Pavla<\/li>\n<li>Pet\u0159\u00ed\u010dkov\u00e1 Kl\u00e1ra<\/li>\n<li>P\u011b\u0161ka Libor<\/li>\n<li>Pfeifer Miroslav<\/li>\n<li>Pfeifer\u00a0Iveta<\/li>\n<li>Pokorn\u00e1 Hedvika<\/li>\n<li>Pol\u00e1k\u00a0Adolf<\/li>\n<li>Popelka\u00a0Jakub<\/li>\n<li>Poupa Jan<\/li>\n<li>Prudi\u010d\u00a0Radek<\/li>\n<li>Pta\u010d\u00edn\u00a0Tom\u00e1\u0161<\/li>\n<li>P\u016flp\u00e1n V\u00e1clav<\/li>\n<\/ul>\n<\/div>\n<\/div>\n<div class=\"gdc_column gdc_cthird\">\n<div class=\"gdc_inner\">\n<h3>R &#8211;\u00a0Z<\/h3>\n<ul>\n<li>Reitharov\u00e1 Michaela<\/li>\n<li>Rokyta Marek<\/li>\n<li>Rybn\u00ed\u010dek Petr<\/li>\n<li>Schulte V\u00edt<\/li>\n<li>Schulte Tereza<\/li>\n<li>Sigmund Ji\u0159\u00ed<\/li>\n<li>Siv\u00e1k\u00a0Jan<\/li>\n<li>Sl\u00e1dek Miloslav<\/li>\n<li>Smil Dalibor<\/li>\n<li>Sou\u010dek\u00a0Bronislav<\/li>\n<li>Soukup\u00a0Ji\u0159\u00ed<\/li>\n<li>Soukupov\u00e1\u00a0Lucie<\/li>\n<li>Sp\u011bv\u00e1\u010dek\u00a0Jakub<\/li>\n<li>Stan\u00ed\u010dek Martin<\/li>\n<li>Stod\u016flka Marek<\/li>\n<li>Struhovsk\u00e1 Kate\u0159ina<\/li>\n<li>Strychov\u00e1\u00a0Ladislava<\/li>\n<li>Surmajov\u00e1\u00a0Sv\u011btlana<\/li>\n<li>Schwertner Ji\u0159\u00ed<\/li>\n<li>Suk Petr<\/li>\n<li>Synek\u00a0Ladislav<\/li>\n<li>Synkov\u00e1 Dagmar<\/li>\n<li>\u0160\u00e1ri\u0161sk\u00e1 Eva<\/li>\n<li>\u0160ebek Jaroslav<\/li>\n<li>\u0160ilhav\u00fd Ji\u0159\u00ed<\/li>\n<li>\u0160\u00edp Jan<\/li>\n<li>\u0160kobisov\u00e1 Renata<\/li>\n<li>\u0160leisov\u00e1\u00a0Nikola<\/li>\n<li>\u0160taflov\u00e1 Ji\u0159ina<\/li>\n<li>\u0160tafl Ji\u0159\u00ed<\/li>\n<li>\u0160timpl Jan<\/li>\n<li>\u0160upola Lubom\u00edr<\/li>\n<li>\u0160vecov\u00e1 Ad\u00e9la<\/li>\n<li>Trebick\u00e1\u00a0Jolanta<\/li>\n<li>Tregner Jan<\/li>\n<li>Tregnerov\u00e1 Jaroslava<\/li>\n<li>Tula Miloslav<\/li>\n<li>Tulov\u00e1 Jana<\/li>\n<li>Tumennast Byambaa<\/li>\n<li>Uher Jaroslav<\/li>\n<li>Ulrichov\u00e1\u00a0Lucie<\/li>\n<li>Vachou\u0161kov\u00e1\u00a0Denisa<\/li>\n<li>Valas Leo\u0161<\/li>\n<li>Val\u00e1\u0161kov\u00e1 Martina<\/li>\n<li>Valch\u00e1\u0159 Ale\u0161<\/li>\n<li>Van\u011bk Josef<\/li>\n<li>Va\u0148kov\u00e1 Romana<\/li>\n<li>V\u00e1clav\u00edkov\u00e1 Lucie<\/li>\n<li>Vesel\u00e1 V\u00e1clava<\/li>\n<li>Vil\u00e9m Jind\u0159ich<\/li>\n<li>Vizv\u00e1ri Filip<\/li>\n<li>Vlk Rostislav<\/li>\n<li>Vost\u0159\u00e1kov\u00e1 Pavla<\/li>\n<li>Votavov\u00e1 Lucie<\/li>\n<li>Wanieov\u00e1 Ivana<\/li>\n<li>Z\u00e1hor\u010d\u00edkov\u00e1 Michaela<\/li>\n<li>Z\u00e1kru\u017en\u00fd\u00a0Alexandr<\/li>\n<li>Z\u00eddkov\u00e1 Krist\u00fdna<\/li>\n<li>Zollpriesterov\u00e1 Eva<\/li>\n<li>\u017d\u00e1k\u00a0Milan<\/li>\n<li>\u017dilka Franti\u0161ek<\/li>\n<\/ul>\n<\/div>\n<\/div>\n<\/div>\n","protected":false},"excerpt":{"rendered":"<p>NIRRIS has been appointed by the Insolvency Administrator in bankruptcies and debts of the following legal and natural persons: Bankruptcy of individuals Avori s.r.o. Barto\u0148ov\u00e1 Ivana bikero.cz s.r.o. \u010cern\u00e1 Josefa Halouzka Tom\u00e1\u0161, Halouzkov\u00e1 Mark\u00e9ta Pol\u00e1k Adolf Seni\u0107ov\u00e1 Mirjana Shape Trans s.r.o. Debts<\/p>\n","protected":false},"author":1,"featured_media":0,"parent":0,"menu_order":0,"comment_status":"closed","ping_status":"closed","template":"","meta":{"footnotes":""},"class_list":["post-2215","page","type-page","status-publish","hentry"],"acf":[],"aioseo_notices":[],"_links":{"self":[{"href":"https:\/\/www.nirris.cz\/en\/wp-json\/wp\/v2\/pages\/2215","targetHints":{"allow":["GET"]}}],"collection":[{"href":"https:\/\/www.nirris.cz\/en\/wp-json\/wp\/v2\/pages"}],"about":[{"href":"https:\/\/www.nirris.cz\/en\/wp-json\/wp\/v2\/types\/page"}],"author":[{"embeddable":true,"href":"https:\/\/www.nirris.cz\/en\/wp-json\/wp\/v2\/users\/1"}],"replies":[{"embeddable":true,"href":"https:\/\/www.nirris.cz\/en\/wp-json\/wp\/v2\/comments?post=2215"}],"version-history":[{"count":12,"href":"https:\/\/www.nirris.cz\/en\/wp-json\/wp\/v2\/pages\/2215\/revisions"}],"predecessor-version":[{"id":3236,"href":"https:\/\/www.nirris.cz\/en\/wp-json\/wp\/v2\/pages\/2215\/revisions\/3236"}],"wp:attachment":[{"href":"https:\/\/www.nirris.cz\/en\/wp-json\/wp\/v2\/media?parent=2215"}],"curies":[{"name":"wp","href":"https:\/\/api.w.org\/{rel}","templated":true}]}}