{"id":2120,"date":"2024-10-14T11:21:15","date_gmt":"2024-10-14T09:21:15","guid":{"rendered":"https:\/\/www.nirris.cz\/who-we-are\/webinare\/"},"modified":"2024-12-10T12:03:24","modified_gmt":"2024-12-10T11:03:24","slug":"webinars","status":"publish","type":"page","link":"https:\/\/www.nirris.cz\/en\/who-we-are\/webinars\/","title":{"rendered":"Webinars"},"content":{"rendered":"<p>Keep up to date and follow the latest developments in the provision of legal services by watching one of our webinars.<\/p>\n<div class=\"gdc_row\">\n<div class=\"gdc_column gdc_chalf\">\n<div class=\"gdc_inner\">\n<h3>What (not) to expect in court proceedings?<\/h3>\n<p><strong>Wednesday 23.06.2021<\/strong><\/p>\n<p>Mgr.&nbsp;Lenka Gomez Tom\u010dalov\u00e1,\u00a0attorney, registered mediator, partner<br \/>\nMgr.&nbsp;Milan Pat\u00e1k, attorney, partner<\/p>\n<p><strong>Webinar content:<\/strong><\/p>\n<ul>\n<li>Course of action during civil proceedings<\/li>\n<li>The most common legal institutes and documents used in civil proceedings<\/li>\n<li>The most important obligations when dealing with courts and the consequences of failure to meet them<\/li>\n<li>Judicial slang<\/li>\n<\/ul>\n<p><a target=\"_blank\" class=\"button button--inverse\" href=\"https:\/\/youtu.be\/E8GITkCvPTo\" data-rel=\"lightbox-video-0\">Play webinar<\/a><\/p>\n<\/div>\n<\/div>\n<div class=\"gdc_column gdc_chalf\">\n<div class=\"gdc_inner\">\n<h3>Are you (not) obliged to report suspicious transactions?<\/h3>\n<p><strong>Wednesday 09.06.2021<\/strong><\/p>\n<p>JUDr. Daniel Fridrich, attorney<\/p>\n<p><strong>Webinar content:<\/strong><\/p>\n<ul>\n<li>Who is an obliged entity?<\/li>\n<li>What are the most important duties under AML legislation?<\/li>\n<li>What do the terms identification of clients and due diligence mean?<\/li>\n<li>How do you carry out identification and due diligence in practice?<\/li>\n<\/ul>\n<p><a target=\"_blank\" class=\"button button--inverse\" href=\"https:\/\/youtu.be\/DI_aAdGWig0\" data-rel=\"lightbox-video-1\">Play webinar<\/a><\/p>\n<\/div>\n<\/div>\n<\/div>\n<div class=\"gdc_row\">\n<div class=\"gdc_column gdc_chalf\">\n<div class=\"gdc_inner\">\n<h3>How (not) to terminate employment properly?<\/h3>\n<p><strong>Wednesday 14.04.2021<\/strong><\/p>\n<p>Mgr.&nbsp;Lenka Gomez Tom\u010dalov\u00e1, attorney, registered mediator, partner<\/p>\n<p><strong>Webinar content:<\/strong><\/p>\n<ul>\n<li>What is the perspective of the Labour Code (and courts) regarding employers and employees?<\/li>\n<li>The preconditions and application of immediate termination of employment and notice of termination<\/li>\n<li>Time periods regarding the termination of employment<\/li>\n<li>Proper service of documents<\/li>\n<\/ul>\n<p><a target=\"_blank\" class=\"button button--inverse\" href=\"https:\/\/youtu.be\/pJCfcUAZzFI\" data-rel=\"lightbox-video-2\">Play webinar<\/a><\/p>\n<\/div>\n<\/div>\n<div class=\"gdc_column gdc_chalf\">\n<div class=\"gdc_inner\">\n<h3>Bank Guarantees in Practice<\/h3>\n<p><strong>Wednesday 20.01.2021<\/strong><\/p>\n<p>JUDr. Luk\u00e1\u0161 \u017d\u00e1\u010dek, attorney, partner<br \/>\nMgr.&nbsp;Vojt\u011bch Kadlec, attorney<\/p>\n<p><strong>Webinar content:<\/strong><\/p>\n<ul>\n<li>What is a&nbsp;bank guarantee?<\/li>\n<li>The use of a&nbsp;bank guarantee<\/li>\n<li>Common mistakes when securing claims with a&nbsp;bank guarantee<\/li>\n<li>Asserting a&nbsp;bank guarantee in practice<\/li>\n<\/ul>\n<p><a target=\"_blank\" class=\"button button--inverse\" href=\"https:\/\/youtu.be\/MX4jj1LarhM\" data-rel=\"lightbox-video-3\">Play webinar<\/a><\/p>\n<\/div>\n<\/div>\n<\/div>\n<div class=\"gdc_row\">\n<div class=\"gdc_column gdc_chalf\">\n<div class=\"gdc_inner\">\n<h3>Why not to be afraid of mediation and the advantages of using it<\/h3>\n<p><strong>Wednesday 09.12.2020<\/strong><\/p>\n<p>Mgr.&nbsp;Lenka Gomez Tom\u010dalov\u00e1, attorney, registered mediator, partner<\/p>\n<p><strong>Webinar content:<\/strong><\/p>\n<ul>\n<li>What is mediation and what to expect from it?<\/li>\n<li>How is mediation conducted in practice?<\/li>\n<li>How to make sure that a&nbsp;mediation agreement will be legally enforceable?<\/li>\n<\/ul>\n<p><a target=\"_blank\" class=\"button button--inverse\" href=\"https:\/\/youtu.be\/IxY2EnJTiJ4\" data-rel=\"lightbox-video-4\">Play webinar<\/a><\/p>\n<\/div>\n<\/div>\n<div class=\"gdc_column gdc_chalf\">\n<div class=\"gdc_inner\">\n<h3>Processing and protection of personal data in marketing<\/h3>\n<p><strong>Wednesday 11.11.2020<\/strong><\/p>\n<p>Mgr.&nbsp;Ing. Michal N\u00e1den\u00ed\u010dek, attorney<\/p>\n<p><strong>Webinar content:<\/strong><\/p>\n<ul>\n<li>How to process personal data for marketing purposes<\/li>\n<li>The most common basic mistakes when processing personal data<\/li>\n<li>Under what conditions marketing communications can be sent by electronic means<\/li>\n<li>When and under what conditions personal data can be shared between commercial companies<\/li>\n<\/ul>\n<p><a target=\"_blank\" class=\"button button--inverse\" href=\"https:\/\/youtu.be\/RlrgtfmDJb8\" data-rel=\"lightbox-video-5\">Play webinar<\/a><\/p>\n<\/div>\n<\/div>\n<\/div>\n<div class=\"gdc_row\">\n<div class=\"gdc_column gdc_chalf\">\n<div class=\"gdc_inner\">\n<h3>Practical tips for creditors in insolvency proceedings<\/h3>\n<p><strong>Wednesday 19.08.2020<\/strong><\/p>\n<p>Dominika Jedin\u00e1kov\u00e1, Director for insolvency<\/p>\n<p><strong>Webinar content:<\/strong><\/p>\n<ul>\n<li>Filing of claims \u2013 the most common mistakes<\/li>\n<li>The position of creditors in insolvency proceedings \u2013 practical aspects<\/li>\n<li>Final reports and reports regarding the fulfilment of a&nbsp;discharge of a&nbsp;debt \u2013 what to be aware of upon the termination of proceedings as a&nbsp;creditor<\/li>\n<li>Amendment of the Insolvency Act<\/li>\n<li>Changes brought about by Covid-19<\/li>\n<\/ul>\n<p><a target=\"_blank\" class=\"button button--inverse\" href=\"https:\/\/youtu.be\/RJVzOLxYaLY\" data-rel=\"lightbox-video-6\">Play webinar<\/a><\/p>\n<\/div>\n<\/div>\n<div class=\"gdc_column gdc_chalf\">\n<div class=\"gdc_inner\">\n<h3>Labour Code amendment<\/h3>\n<p><strong>Wednesday 15.7.2020<\/strong><\/p>\n<p>Lenka Gomez Tom\u010dalov\u00e1, attorney, registered mediator, partner<\/p>\n<p><strong>Webinar content:<\/strong><\/p>\n<ul>\n<li>Leave<\/li>\n<li>Job sharing<\/li>\n<li>Service of documents<\/li>\n<li>Other amended legal institutes<\/li>\n<\/ul>\n<p><a target=\"_blank\" class=\"button button--inverse\" href=\"https:\/\/youtu.be\/oEC9StjzSqk\" data-rel=\"lightbox-video-7\">Play webinar<\/a><\/p>\n<\/div>\n<\/div>\n<\/div>\n<div class=\"gdc_row\">\n<div class=\"gdc_column gdc_chalf\">\n<div class=\"gdc_inner\">\n<h3>How much (or little) protection does your contract offer?<\/h3>\n<p><strong>Wednesday 17.6.2020<\/strong><\/p>\n<p>Ji\u0159\u00ed Ctibor,\u00a0partner, attorney<br \/>\nLuk\u00e1\u0161 \u017d\u00e1\u010dek, attorney and partner<\/p>\n<p><strong>Webinar content:<\/strong><\/p>\n<ul>\n<li>What to focus on in contracts?<\/li>\n<li>Force majeure<\/li>\n<li>Unforeseen and insurmountable obstacles<\/li>\n<li>Substantial changes in circumstances<\/li>\n<li>Compensation for damage, amendment of the agreement and impossibility of performance<\/li>\n<\/ul>\n<p><a target=\"_blank\" class=\"button button--inverse\" href=\"https:\/\/youtu.be\/SWTTAk7LnqI\" data-rel=\"lightbox-video-8\">Play webinar<\/a><\/p>\n<\/div>\n<\/div>\n<\/div>\n","protected":false},"excerpt":{"rendered":"<p>Keep up to date and follow the latest developments in the provision of legal services by watching one of our webinars.<\/p>\n","protected":false},"author":1,"featured_media":0,"parent":2104,"menu_order":50,"comment_status":"closed","ping_status":"closed","template":"template-webinare.php","meta":{"footnotes":""},"class_list":["post-2120","page","type-page","status-publish","hentry"],"acf":[],"aioseo_notices":[],"_links":{"self":[{"href":"https:\/\/www.nirris.cz\/en\/wp-json\/wp\/v2\/pages\/2120","targetHints":{"allow":["GET"]}}],"collection":[{"href":"https:\/\/www.nirris.cz\/en\/wp-json\/wp\/v2\/pages"}],"about":[{"href":"https:\/\/www.nirris.cz\/en\/wp-json\/wp\/v2\/types\/page"}],"author":[{"embeddable":true,"href":"https:\/\/www.nirris.cz\/en\/wp-json\/wp\/v2\/users\/1"}],"replies":[{"embeddable":true,"href":"https:\/\/www.nirris.cz\/en\/wp-json\/wp\/v2\/comments?post=2120"}],"version-history":[{"count":5,"href":"https:\/\/www.nirris.cz\/en\/wp-json\/wp\/v2\/pages\/2120\/revisions"}],"predecessor-version":[{"id":2125,"href":"https:\/\/www.nirris.cz\/en\/wp-json\/wp\/v2\/pages\/2120\/revisions\/2125"}],"up":[{"embeddable":true,"href":"https:\/\/www.nirris.cz\/en\/wp-json\/wp\/v2\/pages\/2104"}],"wp:attachment":[{"href":"https:\/\/www.nirris.cz\/en\/wp-json\/wp\/v2\/media?parent=2120"}],"curies":[{"name":"wp","href":"https:\/\/api.w.org\/{rel}","templated":true}]}}