{"id":2504,"date":"2024-11-28T14:41:34","date_gmt":"2024-11-28T13:41:34","guid":{"rendered":"https:\/\/www.nirris.cz\/seznam-konkursu-a-oddluzeni\/"},"modified":"2026-03-05T10:32:13","modified_gmt":"2026-03-05T09:32:13","slug":"uebersicht-der-konkurse-und-restschuldbefreiungen","status":"publish","type":"page","link":"https:\/\/www.nirris.cz\/de\/uebersicht-der-konkurse-und-restschuldbefreiungen\/","title":{"rendered":"\u00dcbersicht der Konkurse und Restschuldbefreiungen"},"content":{"rendered":"<p>NIRRIS ist in\u00a0Konkursen und\u00a0Restschuldbefreiungen folgender juristischer und\u00a0nat\u00fcrlicher Personen zum\u00a0Insolvenzverwalter bestellt worden:<\/p>\n<h2>Konkurse<\/h2>\n<ul>\n<li>Avori s.r.o.<\/li>\n<li>Barto\u0148ov\u00e1 Ivana<\/li>\n<li>bikero.cz s.r.o.<\/li>\n<li>\u010cern\u00e1 Josefa<\/li>\n<li>Halouzka Tom\u00e1\u0161, Halouzkov\u00e1 Mark\u00e9ta<\/li>\n<li>METALL-SEMIK v\u00fdrobn\u00ed spole\u010dnost s.r.o.<\/li>\n<li>Pol\u00e1k Adolf<\/li>\n<li>Seni\u0107ov\u00e1 Mirjana<\/li>\n<li>Shape Trans s.r.o.<\/li>\n<\/ul>\n<h2>Restschuldbefreiung<\/h2>\n<div class=\"gdc_row\">\n<div class=\"gdc_column gdc_cthird\">\n<div class=\"gdc_inner\">\n<h3>A &#8211;\u00a0J<\/h3>\n<ul>\n<li>Adamec\u00a0Vlastimil<\/li>\n<li>Anton\u00edn Patrik<\/li>\n<li>Anto\u0161 David<\/li>\n<li>Ba\u010dov\u00e1 Hana<\/li>\n<li>Bala\u017eovi\u010d Tom\u00e1\u0161<\/li>\n<li>Barto\u0161 Pavel<\/li>\n<li>Barto\u0161ov\u00e1 Ji\u0159ina<\/li>\n<li>Barto\u0161ov\u00e1 Mark\u00e9ta<\/li>\n<li>Batbayar Ariunjargal<\/li>\n<li>Berky\u00a0V\u00edt\u011bzslav<\/li>\n<li>Berkyov\u00e1\u00a0V\u011bra<\/li>\n<li>B\u011bhal Pavel<\/li>\n<li>Bolek Daniel<\/li>\n<li>B\u00f6hm\u00a0Anton\u00edn<\/li>\n<li>B\u00f6hmov\u00e1\u00a0Marie<\/li>\n<li>Brou\u0161ka Tom\u00e1\u0161<\/li>\n<li>B\u0159ezinov\u00e1 Jaroslava<\/li>\n<li>B\u0159ou\u0161kov\u00e1 Andrea<\/li>\n<li>Buben\u00ed\u010dkov\u00e1 Iva<\/li>\n<li>Bu\u010dkov\u00e1\u00a0Pavl\u00edna<\/li>\n<li>Bu\u0159i\u010dov\u00e1 Tereza<\/li>\n<li>Cizler\u00a0Josef<\/li>\n<li>Cizlerov\u00e1\u00a0Vendula<\/li>\n<li>\u010cadkov\u00e1 Denisa<\/li>\n<li>\u010cerve\u0148\u00e1k\u00a0Alexandr<\/li>\n<li>\u010cerve\u0148\u00e1kov\u00e1\u00a0Kate\u0159ina<\/li>\n<li>\u010cvanda Patrik<\/li>\n<li>Denemark\u00a0Karel<\/li>\n<li>Dost\u00e1lov\u00e1\u00a0Barbora<\/li>\n<li>Drahotusk\u00fd\u00a0Bohumil<\/li>\n<li>Ducho\u0148\u00a0Josef<\/li>\n<li>Dvo\u0159\u00e1k Jan<\/li>\n<li>Dvo\u0159\u00e1kov\u00e1 Krist\u00fdna<\/li>\n<li>Egertov\u00e1 Monika<\/li>\n<li>Erdenebat Munkhbat<\/li>\n<li>Erlebachov\u00e1\u00a0Kate\u0159ina<\/li>\n<li>Falta\u00a0Josef<\/li>\n<li>Flori\u00e1nov\u00e1\u00a0Hana<\/li>\n<li>Forejtov\u00e1 Kate\u0159ina<\/li>\n<li>Fo\u0159t\u00a0Zden\u011bk<\/li>\n<li>Gabry\u0161ov\u00e1\u00a0Veronika<\/li>\n<li>Gavrun\u00a0Pavel<\/li>\n<li>Gavrunov\u00e1\u00a0Irena<\/li>\n<li>H\u00e1jkov\u00e1 Jaroslava<\/li>\n<li>Hampl Hynek<\/li>\n<li>Hapkov\u00e1 Pavla<\/li>\n<li>Harok\u00a0Marek<\/li>\n<li>Havl\u00edk Miroslav<\/li>\n<li>Hazuka Anton\u00edn<\/li>\n<li>Hej\u010d\u00a0Martin<\/li>\n<li>Helebrandov\u00e1 Anna<\/li>\n<li>Hene\u0161ov\u00e1 Alexandra<\/li>\n<li>Herbov\u00e1 Renata<\/li>\n<li>Hlubock\u00fd Jan<\/li>\n<li>H\u00f6pp\u00a0Martin<\/li>\n<li>Horv\u00e1th\u00a0Roman<\/li>\n<li>Hradil\u00edk\u00a0Petr<\/li>\n<li>Hri\u0148\u00e1k\u00a0Pavel<\/li>\n<li>Hrub\u00e1 Andrea Petra<\/li>\n<li>H\u0159\u00edbal Stanislav<\/li>\n<li>Hybnerov\u00e1 Yana<\/li>\n<li>Chaura Vojt\u011bch<\/li>\n<li>Chlebovsk\u00fd Zden\u011bk<\/li>\n<li>Chlevi\u0161\u0165an Josef<\/li>\n<li>Chlumeck\u00e1 Petra<\/li>\n<li>Janda\u00a0Petr<\/li>\n<li>Jandov\u00e1\u00a0Monika<\/li>\n<li>Jani\u010dov\u00e1\u00a0Lenka<\/li>\n<li>Jank\u016f\u00a0Martin<\/li>\n<li>Jannov\u00e1 Lucie<\/li>\n<li>Jel\u00ednkov\u00e1\u00a0Daniela<\/li>\n<li>Jel\u00ednkov\u00e1 Lucie<\/li>\n<li>Janindov\u00e1 Monika<\/li>\n<li>Ji\u0159\u00ed\u00a0Rudolf<\/li>\n<li>Ji\u0159\u00edkov\u00e1\u00a0Jana<\/li>\n<li>J\u00ed\u0161a Robert<\/li>\n<\/ul>\n<\/div>\n<\/div>\n<div class=\"gdc_column gdc_cthird\">\n<div class=\"gdc_inner\">\n<h3>K &#8211;\u00a0P<\/h3>\n<ul>\n<li>Kadlec Michal<\/li>\n<li>Kanalo\u0161 Jan<\/li>\n<li>Kapu\u0161 Jan<\/li>\n<li>Karchr\u0148\u00e1k\u00a0Michal<\/li>\n<li>Kiss\u00a0Ji\u0159\u00ed<\/li>\n<li>Knobloch Karel<\/li>\n<li>Kolbek Milan<\/li>\n<li>Kopunec Bronislav<\/li>\n<li>Kostkov\u00e1\u00a0Jana<\/li>\n<li>Kothera\u00a0Pavel<\/li>\n<li>Kotr\u010dov\u00e1 Karolina<\/li>\n<li>Kotulek Jan<\/li>\n<li>Kov\u00e1\u010d\u00a0Andrej<\/li>\n<li>Kord\u00edk Milan<\/li>\n<li>Kot\u00edk Ji\u0159\u00ed<\/li>\n<li>K\u00f6verov\u00e1\u00a0Sabina<\/li>\n<li>Kr\u00e1l\u00a0\u0160t\u011bp\u00e1n<\/li>\n<li>Krej\u010dov\u00e1 Nikola<\/li>\n<li>Krej\u010dov\u00e1 Tereza<\/li>\n<li>Krist\u00a0Michal<\/li>\n<li>Krop\u00e1\u010d Franti\u0161ek<\/li>\n<li>Krop\u00e1\u010dov\u00e1 Lenka<\/li>\n<li>K\u0159apek\u00a0Adam<\/li>\n<li>Kub\u00ednov\u00e1\u00a0Lenka<\/li>\n<li>Kulka Franti\u0161ek<\/li>\n<li>Kuzn\u011bcov\u00a0Valerij<\/li>\n<li>Lerch\u00a0Ji\u0159\u00ed<\/li>\n<li>Letmajer\u00a0Martin<\/li>\n<li>Lichtenbergov\u00e1\u00a0Monika<\/li>\n<li>L\u00f6wy\u00a0Erik<\/li>\n<li>Mach\u00e1lek\u00a0Jan<\/li>\n<li>Mach\u00e1lkov\u00e1\u00a0Romana<\/li>\n<li>Malina\u00a0Kamil<\/li>\n<li>Malinov\u00e1\u00a0Ivana<\/li>\n<li>Mal\u00fd\u00a0Michael<\/li>\n<li>Markuli\u00e1k Milan<\/li>\n<li>Ma\u0161ek Petr<\/li>\n<li>Mat\u011bj\u00a0Zden\u011bk<\/li>\n<li>Matu\u0161kov\u00e1\u00a0Hana<\/li>\n<li>Matysov\u00e1 Lucie<\/li>\n<li>Molinov\u00e1\u00a0Martina<\/li>\n<li>Mor\u00e1n\u00a0Tom\u00e1\u0161<\/li>\n<li>Moravec\u00a0Franti\u0161ek<\/li>\n<li>Mr\u00e1zek Marek<\/li>\n<li>Mraz\u00edk Miroslav<\/li>\n<li>M\u00fcller Jan<\/li>\n<li>Nachtnebel\u00a0Petr<\/li>\n<li>Neuvirt\u00a0Ji\u0159\u00ed<\/li>\n<li>N\u011bme\u010dek\u00a0Radom\u00edr<\/li>\n<li>Nguen Huu Phuong<\/li>\n<li>Nipauer\u00a0Jan<\/li>\n<li>Nov\u00e1k\u00a0Tom\u00e1\u0161<\/li>\n<li>Nov\u00e1kov\u00e1\u00a0Jitka<\/li>\n<li>Novotn\u00e1 Irena<\/li>\n<li>No\u017ekov\u00e1\u00a0Monika<\/li>\n<li>Ober\u0161tein\u00a0Zden\u011bk<\/li>\n<li>Opl\u00a0Pavel<\/li>\n<li>Oplov\u00e1\u00a0Martina<\/li>\n<li>Pabiszov\u00e1 Iveta<\/li>\n<li>Peter\u00a0Martin<\/li>\n<li>Petr\u00e1\u010dek Libor<\/li>\n<li>Petr\u00e1\u0161ov\u00e1\u00a0Lucie<\/li>\n<li>Petrikov\u00e1 Michaela<\/li>\n<li>P\u011bchovi\u010d Petr<\/li>\n<li>P\u011b\u0161ka Libor<\/li>\n<li>Pfeifer Miroslav<\/li>\n<li>Pfeifer\u00a0Iveta<\/li>\n<li>Pituchov\u00e1\u00a0Helena<\/li>\n<li>Pluskal\u00a0Ladislav<\/li>\n<li>Pokorn\u00e1 Hedvika<\/li>\n<li>Pol\u00e1k\u00a0Adolf<\/li>\n<li>Poledn\u00edkov\u00e1\u00a0Lenka<\/li>\n<li>Popelka\u00a0Jakub<\/li>\n<li>Poupa Jan<\/li>\n<li>Prudi\u010d\u00a0Radek<\/li>\n<li>Pta\u010d\u00edn\u00a0Tom\u00e1\u0161<\/li>\n<\/ul>\n<\/div>\n<\/div>\n<div class=\"gdc_column gdc_cthird\">\n<div class=\"gdc_inner\">\n<h3>R &#8211;\u00a0Z<\/h3>\n<ul>\n<li>Ress\u00a0Pavel<\/li>\n<li>Ressov\u00e1\u00a0Martina<\/li>\n<li>Rieck\u00e1\u00a0Michaela<\/li>\n<li>Rondo\u0161\u00a0Michal<\/li>\n<li>Royt\u00a0Ladislav<\/li>\n<li>Rybn\u00ed\u010dek Petr<\/li>\n<li>Sedl\u00e1\u010dek Michal<\/li>\n<li>Schmidtov\u00e1 Lenka<\/li>\n<li>Schulte V\u00edt<\/li>\n<li>Schulte Tereza<\/li>\n<li>Sigmund Ji\u0159\u00ed<\/li>\n<li>Siv\u00e1k\u00a0Jan<\/li>\n<li>Sl\u00e1dek Miloslav<\/li>\n<li>Sl\u00e1ma\u00a0Josef<\/li>\n<li>Sl\u00ed\u017eek\u00a0Ale\u0161<\/li>\n<li>Sochor V\u00e1clav<\/li>\n<li>Somsi Kristi\u00e1n<\/li>\n<li>Sou\u010dek\u00a0Bronislav<\/li>\n<li>Soukup\u00a0Ji\u0159\u00ed<\/li>\n<li>Soukupov\u00e1\u00a0Lucie<\/li>\n<li>Sp\u011bv\u00e1\u010dek\u00a0Jakub<\/li>\n<li>Stacho\u00a0Adam<\/li>\n<li>Stan\u00ed\u010dek Martin<\/li>\n<li>Stojanov\u00a0Robert<\/li>\n<li>Struhovsk\u00e1 Kate\u0159ina<\/li>\n<li>Strychov\u00e1\u00a0Ladislava<\/li>\n<li>St\u0159\u00edbrsk\u00e1\u00a0Dana<\/li>\n<li>Surmajov\u00e1\u00a0Sv\u011btlana<\/li>\n<li>Schindler Ivan<\/li>\n<li>Schwertner Ji\u0159\u00ed<\/li>\n<li>Synek\u00a0Ladislav<\/li>\n<li>S\u00fdkora\u00a0Libor<\/li>\n<li>\u0160\u00e1ri\u0161sk\u00e1 Eva<\/li>\n<li>\u0160ilhav\u00fd Ji\u0159\u00ed<\/li>\n<li>\u0160kareda\u00a0V\u00e1clav<\/li>\n<li>\u0160leisov\u00e1\u00a0Nikola<\/li>\n<li>\u0160reilov\u00e1\u00a0Monika<\/li>\n<li>\u0160taflov\u00e1 Ji\u0159ina<\/li>\n<li>\u0160tafl Ji\u0159\u00ed<\/li>\n<li>\u0160t\u011bp\u00e1nkov\u00e1\u00a0Nikol<\/li>\n<li>\u0160t\u011btkov\u00e1\u00a0Renata<\/li>\n<li>\u0160upola Lubom\u00edr<\/li>\n<li>\u0160vecov\u00e1 Ad\u00e9la<\/li>\n<li>Tiefenbacher\u00a0Karel<\/li>\n<li>Tiefenbacherov\u00e1\u00a0Irena<\/li>\n<li>Topolan\u010din\u00a0Jan<\/li>\n<li>Trebick\u00e1\u00a0Jolanta<\/li>\n<li>Tregner Jan<\/li>\n<li>Tregnerov\u00e1 Jaroslava<\/li>\n<li>Uher Jaroslav<\/li>\n<li>Ulrichov\u00e1\u00a0Lucie<\/li>\n<li>Vachou\u0161kov\u00e1\u00a0Denisa<\/li>\n<li>Vaj\u00edkov\u00e1\u00a0V\u011bra<\/li>\n<li>Valas Leo\u0161<\/li>\n<li>Val\u00e1\u0161kov\u00e1 Martina<\/li>\n<li>Val\u00ed\u010dkov\u00e1\u00a0Miroslava<\/li>\n<li>Vizv\u00e1ri Filip<\/li>\n<li>Vojtkov\u00e1\u00a0Marie<\/li>\n<li>Walter Vlastimil<\/li>\n<li>Wolfov\u00e1\u00a0Milena<\/li>\n<li>Z\u00e1hor\u010d\u00edkov\u00e1 Michaela<\/li>\n<li>Zahradn\u00edk Jakub<\/li>\n<li>Zahradn\u00edk Pavel<\/li>\n<li>Zahradn\u00edkov\u00e1 Hana<\/li>\n<li>Z\u00e1kru\u017en\u00fd\u00a0Alexandr<\/li>\n<li>Zderadi\u010dka\u00a0Radek<\/li>\n<li>Zem\u00e1nkov\u00e1\u00a0Nikola<\/li>\n<li>Zimov\u00e1\u00a0Petra<\/li>\n<li>Z\u00eddkov\u00e1 Krist\u00fdna<\/li>\n<li>Zollpriesterov\u00e1 Eva<\/li>\n<li>\u017d\u00e1k\u00a0Milan<\/li>\n<li>\u017dilka Franti\u0161ek<\/li>\n<li>\u017d\u00edtek Bohumil<\/li>\n<\/ul>\n<\/div>\n<\/div>\n<\/div>\n","protected":false},"excerpt":{"rendered":"<p>NIRRIS ist in\u00a0Konkursen und\u00a0Restschuldbefreiungen folgender juristischer und\u00a0nat\u00fcrlicher Personen zum\u00a0Insolvenzverwalter bestellt worden: Konkurse Avori s.r.o. Barto\u0148ov\u00e1 Ivana bikero.cz s.r.o. \u010cern\u00e1 Josefa Halouzka Tom\u00e1\u0161, Halouzkov\u00e1 Mark\u00e9ta METALL-SEMIK v\u00fdrobn\u00ed spole\u010dnost s.r.o. Pol\u00e1k Adolf Seni\u0107ov\u00e1 Mirjana Shape Trans s.r.o. Restschuldbefreiung<\/p>\n","protected":false},"author":1,"featured_media":0,"parent":0,"menu_order":0,"comment_status":"closed","ping_status":"closed","template":"","meta":{"footnotes":""},"class_list":["post-2504","page","type-page","status-publish","hentry"],"acf":[],"aioseo_notices":[],"_links":{"self":[{"href":"https:\/\/www.nirris.cz\/de\/wp-json\/wp\/v2\/pages\/2504","targetHints":{"allow":["GET"]}}],"collection":[{"href":"https:\/\/www.nirris.cz\/de\/wp-json\/wp\/v2\/pages"}],"about":[{"href":"https:\/\/www.nirris.cz\/de\/wp-json\/wp\/v2\/types\/page"}],"author":[{"embeddable":true,"href":"https:\/\/www.nirris.cz\/de\/wp-json\/wp\/v2\/users\/1"}],"replies":[{"embeddable":true,"href":"https:\/\/www.nirris.cz\/de\/wp-json\/wp\/v2\/comments?post=2504"}],"version-history":[{"count":9,"href":"https:\/\/www.nirris.cz\/de\/wp-json\/wp\/v2\/pages\/2504\/revisions"}],"predecessor-version":[{"id":3237,"href":"https:\/\/www.nirris.cz\/de\/wp-json\/wp\/v2\/pages\/2504\/revisions\/3237"}],"wp:attachment":[{"href":"https:\/\/www.nirris.cz\/de\/wp-json\/wp\/v2\/media?parent=2504"}],"curies":[{"name":"wp","href":"https:\/\/api.w.org\/{rel}","templated":true}]}}