{"id":2491,"date":"2024-10-14T13:54:57","date_gmt":"2024-10-14T11:54:57","guid":{"rendered":"https:\/\/www.nirris.cz\/karriere\/advokatni-koncipient-ka\/"},"modified":"2026-04-16T10:57:34","modified_gmt":"2026-04-16T08:57:34","slug":"rechtsreferendar-in","status":"publish","type":"page","link":"https:\/\/www.nirris.cz\/de\/karriere\/rechtsreferendar-in\/","title":{"rendered":"Rechtsreferendar\/-in"},"content":{"rendered":"<h2 class=\"text-large\">Wir suchen einen Konzipient<\/h2>\n<p>Wir suchen einen Teamkollegen, der keine Angst vor Herausforderungen hat und wei\u00df, wie man an einem Strang zieht. Sind Sie das? Lesen Sie weiter und scheuen Sie sich nicht, uns zu kontaktieren!<\/p>\n<div class=\"gdc_row\">\n<div class=\"gdc_column gdc_cthird\">\n<div class=\"gdc_inner\">\n<h3>Was erwarten wir von Ihnen?<\/h3>\n<ul>\n<li>Juristisches Denken und die Bereitschaft, sich kontinuierlich weiterzubilden<\/li>\n<li>fortgeschrittene Kenntnisse der deutschen und\/oder englischen Sprache<\/li>\n<li>Selbstst\u00e4ndiges Denken und Arbeiten im Team<\/li>\n<li>Zuverl\u00e4ssigkeit und Loyalit\u00e4t<\/li>\n<\/ul>\n<\/div>\n<\/div>\n<div class=\"gdc_column gdc_ctwo-thirds\">\n<div class=\"gdc_inner\">\n<h3>Was bieten wir Ihnen?<\/h3>\n<ul>\n<li>eine interessante T\u00e4tigkeit in allen Rechtsgebieten im Umfeld einer erfolgreichen Anwaltskanzlei<\/li>\n<li>die M\u00f6glichkeit, f\u00fcr f\u00fchrende tschechische und internationale Mandanten zu arbeiten<\/li>\n<li>Firmensprachkurse<\/li>\n<li>bis zu 6 Wochen Urlaub nach Erf\u00fcllung interner Vorschriften<\/li>\n<li>3 Krankheitstage<\/li>\n<li>MultiSport-Karte<\/li>\n<li>Erfrischungen am Arbeitsplatz<\/li>\n<li>regelm\u00e4\u00dfige interne und externe Fortbildung<\/li>\n<\/ul>\n<\/div>\n<\/div>\n<\/div>\n<p>Wenn Sie interessiert sind, senden Sie bitte Ihren Lebenslauf in Tschechisch und Deutsch oder Englisch an <a href=\"mailto:lenka.gomez@nirris.cz\">milan.patak@nirris.cz<\/a>. Bitte schreiben Sie in die Betreffzeile: <strong>Ich bewerbe mich um die Stelle als Konzpient<\/strong><\/p>\n<p>Wir freuen uns darauf, von Ihnen zu h\u00f6ren!<\/p>\n","protected":false},"excerpt":{"rendered":"<p>Wir suchen einen Konzipient Wir suchen einen Teamkollegen, der keine Angst vor Herausforderungen hat und wei\u00df, wie man an einem Strang zieht. Sind Sie das? Lesen Sie weiter und scheuen Sie sich nicht, uns zu kontaktieren! Wenn Sie interessiert sind, senden Sie bitte Ihren Lebenslauf in Tschechisch und Deutsch oder Englisch an milan.patak@nirris.cz. Bitte schreiben&#8230;<\/p>\n","protected":false},"author":1,"featured_media":0,"parent":2485,"menu_order":10,"comment_status":"closed","ping_status":"closed","template":"","meta":{"footnotes":""},"class_list":["post-2491","page","type-page","status-publish","hentry"],"acf":[],"aioseo_notices":[],"_links":{"self":[{"href":"https:\/\/www.nirris.cz\/de\/wp-json\/wp\/v2\/pages\/2491","targetHints":{"allow":["GET"]}}],"collection":[{"href":"https:\/\/www.nirris.cz\/de\/wp-json\/wp\/v2\/pages"}],"about":[{"href":"https:\/\/www.nirris.cz\/de\/wp-json\/wp\/v2\/types\/page"}],"author":[{"embeddable":true,"href":"https:\/\/www.nirris.cz\/de\/wp-json\/wp\/v2\/users\/1"}],"replies":[{"embeddable":true,"href":"https:\/\/www.nirris.cz\/de\/wp-json\/wp\/v2\/comments?post=2491"}],"version-history":[{"count":4,"href":"https:\/\/www.nirris.cz\/de\/wp-json\/wp\/v2\/pages\/2491\/revisions"}],"predecessor-version":[{"id":3333,"href":"https:\/\/www.nirris.cz\/de\/wp-json\/wp\/v2\/pages\/2491\/revisions\/3333"}],"up":[{"embeddable":true,"href":"https:\/\/www.nirris.cz\/de\/wp-json\/wp\/v2\/pages\/2485"}],"wp:attachment":[{"href":"https:\/\/www.nirris.cz\/de\/wp-json\/wp\/v2\/media?parent=2491"}],"curies":[{"name":"wp","href":"https:\/\/api.w.org\/{rel}","templated":true}]}}